{"id":11438,"date":"2023-07-25T17:39:44","date_gmt":"2023-07-25T09:39:44","guid":{"rendered":"https:\/\/sia.net.tw\/services\/infrastructure\/%e5%b7%a5%e6%a5%ad%e5%8d%80\/"},"modified":"2023-10-01T13:15:45","modified_gmt":"2023-10-01T05:15:45","slug":"khu-cong-nghiep","status":"publish","type":"page","link":"https:\/\/sia.net.tw\/vi\/dichvu\/ha-tang-cong-nghiep\/khu-cong-nghiep\/","title":{"rendered":"Khu c\u00f4ng nghi\u1ec7p"},"content":{"rendered":"<div id='full_slider_1'  class='avia-fullwidth-slider main_color avia-shadow  av-mini-hide  avia-builder-el-0  el_before_av_fullscreen  avia-builder-el-first   container_wrap sidebar_right'  ><div   data-size='featured'  data-lightbox_size='large'  data-animation='slide'  data-conditional_play=''  data-ids='12644'  data-video_counter='0'  data-autoplay='false'  data-bg_slider='false'  data-slide_height=''  data-handle='av_slideshow_full'  data-interval='5'  data-class=' '  data-el_id=''  data-css_id=''  data-scroll_down=''  data-control_layout='av-control-default'  data-custom_markup=''  data-perma_caption='aviaTBperma_caption'  data-autoplay_stopper=''  data-image_attachment=''  data-min_height='0px'  data-lazy_loading='disabled'  data-src=''  data-position='top left'  data-repeat='no-repeat'  data-attach='scroll'  data-stretch=''  data-default-height='28.666666666667'  class='avia-slideshow avia-slideshow-1  av-control-default av-default-height-applied avia-slideshow-featured av_slideshow_full   avia-slide-slider '  itemprop=\"image\" itemscope=\"itemscope\" itemtype=\"https:\/\/schema.org\/ImageObject\" ><ul class='avia-slideshow-inner ' style='padding-bottom: 28.666666666667%;' ><li  class=' av-single-slide slide-1 ' ><a href=\"https:\/\/sia.net.tw\/wp-content\/uploads\/2023\/08\/KCN-1600-\u00d7-1067-px-1030x687.jpg\" data-srcset=\"https:\/\/sia.net.tw\/wp-content\/uploads\/2023\/08\/KCN-1600-\u00d7-1067-px-1030x687.jpg 1030w, https:\/\/sia.net.tw\/wp-content\/uploads\/2023\/08\/KCN-1600-\u00d7-1067-px-300x200.jpg 300w, https:\/\/sia.net.tw\/wp-content\/uploads\/2023\/08\/KCN-1600-\u00d7-1067-px-768x512.jpg 768w, https:\/\/sia.net.tw\/wp-content\/uploads\/2023\/08\/KCN-1600-\u00d7-1067-px-1536x1024.jpg 1536w, https:\/\/sia.net.tw\/wp-content\/uploads\/2023\/08\/KCN-1600-\u00d7-1067-px-1500x1000.jpg 1500w, https:\/\/sia.net.tw\/wp-content\/uploads\/2023\/08\/KCN-1600-\u00d7-1067-px-705x470.jpg 705w, https:\/\/sia.net.tw\/wp-content\/uploads\/2023\/08\/KCN-1600-\u00d7-1067-px.jpg 1600w\" data-sizes=\"(max-width: 1030px) 100vw, 1030px\"  data-rel='slideshow-1' class='avia-slide-wrap '   ><img class=\"wp-image-12644 avia-img-lazy-loading-not-12644\"  src=\"https:\/\/sia.net.tw\/wp-content\/uploads\/2023\/08\/KCN-1600-\u00d7-1067-px-1500x430.jpg\" width=\"1500\" height=\"430\" title='KCN (1600 \u00d7 1067 px)' alt=''  itemprop=\"thumbnailUrl\"   \/><\/a><\/li><\/ul><div class = \"caption_fullwidth av-slideshow-caption caption_bottom\"><div class = \"container caption_container\"><div class = \"slideshow_caption\"><div class = \"slideshow_inner_caption\"><div class = \"slideshow_align_caption\"><h2  class='avia-caption-title  '  itemprop=\"name\" >Khu c\u00f4ng nghi\u1ec7p<\/h2><div class='avia-caption-content  '  itemprop=\"description\"  ><p><b>|<\/b> C\u01a1 s\u1edf h\u1ea1 t\u1ea7ng<\/p>\n<\/div><\/div><\/div><\/div><\/div><\/div><\/div><\/div>\n<div id='fullscreen_slider_1'  class='avia-fullscreen-slider main_color  av-desktop-hide av-medium-hide av-small-hide  avia-builder-el-1  el_after_av_slideshow_full  el_before_av_section   slider-not-first container_wrap sidebar_right'  ><a href='#next-section' title='' class='scroll-down-link av-control-default' aria-hidden='true' data-av_icon='\ue877' data-av_iconfont='entypo-fontello'><\/a><div   data-size='no scaling'  data-lightbox_size='large'  data-animation='slide'  data-conditional_play=''  data-ids='12644'  data-video_counter='0'  data-autoplay='false'  data-bg_slider='true'  data-slide_height='100'  data-handle='av_fullscreen'  data-interval='5'  data-class=' '  data-el_id=''  data-css_id='fullscreen_slider_1'  data-scroll_down='aviaTBscroll_down'  data-control_layout='av-control-default'  data-custom_markup=''  data-perma_caption='aviaTBperma_caption'  data-autoplay_stopper=''  data-image_attachment=''  data-min_height='0px'  data-lazy_loading='disabled'  data-stretch=''  class='avia-slideshow avia-slideshow-2 av-slider-scroll-down-active av-control-default av-default-height-applied avia-slideshow-no scaling av_fullscreen   avia-slide-slider '  itemprop=\"image\" itemscope=\"itemscope\" itemtype=\"https:\/\/schema.org\/ImageObject\" ><ul class='avia-slideshow-inner ' style='padding-bottom: 66.6875%;' ><li style='background-position:center center;' data-img-url='https:\/\/sia.net.tw\/wp-content\/uploads\/2023\/08\/KCN-1600-\u00d7-1067-px.jpg' class=' av-single-slide slide-1 ' ><a href=\"https:\/\/sia.net.tw\/wp-content\/uploads\/2023\/08\/KCN-1600-\u00d7-1067-px-1030x687.jpg\" data-srcset=\"https:\/\/sia.net.tw\/wp-content\/uploads\/2023\/08\/KCN-1600-\u00d7-1067-px-1030x687.jpg 1030w, https:\/\/sia.net.tw\/wp-content\/uploads\/2023\/08\/KCN-1600-\u00d7-1067-px-300x200.jpg 300w, https:\/\/sia.net.tw\/wp-content\/uploads\/2023\/08\/KCN-1600-\u00d7-1067-px-768x512.jpg 768w, https:\/\/sia.net.tw\/wp-content\/uploads\/2023\/08\/KCN-1600-\u00d7-1067-px-1536x1024.jpg 1536w, https:\/\/sia.net.tw\/wp-content\/uploads\/2023\/08\/KCN-1600-\u00d7-1067-px-1500x1000.jpg 1500w, https:\/\/sia.net.tw\/wp-content\/uploads\/2023\/08\/KCN-1600-\u00d7-1067-px-705x470.jpg 705w, https:\/\/sia.net.tw\/wp-content\/uploads\/2023\/08\/KCN-1600-\u00d7-1067-px.jpg 1600w\" data-sizes=\"(max-width: 1030px) 100vw, 1030px\"  data-rel='slideshow-2' class='avia-slide-wrap '   ><\/a><\/li><\/ul><div class = \"caption_fullwidth av-slideshow-caption caption_center\"><div class = \"container caption_container\"><div class = \"slideshow_caption\"><div class = \"slideshow_inner_caption\"><div class = \"slideshow_align_caption\"><h2  class='avia-caption-title  '  itemprop=\"name\" >KHU C\u00d4NG NGHI\u1ec6P<\/h2><div class='avia-caption-content  '  itemprop=\"description\"  ><p><b>|<\/b> C\u01a1 s\u1edf h\u1ea1 t\u1ea7ng<\/p>\n<\/div><\/div><\/div><\/div><\/div><\/div><\/div><\/div>\n<div id='av_section_1'  class='avia-section av-19xf4vfu-0ba8971ee7b9a8b48c4b73e526c3cfce main_color avia-section-default avia-no-shadow  avia-builder-el-2  el_after_av_fullscreen  el_before_av_layout_row  avia-bg-style-scroll  container_wrap sidebar_right'  ><div class='container av-section-cont-open' ><div class='template-page content  av-content-small alpha units'><div class='post-entry post-entry-type-page post-entry-11438'><div class='entry-content-wrapper clearfix'>\n\n<style type=\"text\/css\" data-created_by=\"avia_inline_auto\" id=\"style-css-av-19g5x6ui-d6efbb7e89b62514edcdf30abdad2d1a\">\n.flex_column.av-19g5x6ui-d6efbb7e89b62514edcdf30abdad2d1a{\nborder-radius:0px 0px 0px 0px;\n-webkit-border-radius:0px 0px 0px 0px;\n-moz-border-radius:0px 0px 0px 0px;\npadding:30px 30px 30px 30px;\n}\n<\/style>\n<div class='flex_column av-19g5x6ui-d6efbb7e89b62514edcdf30abdad2d1a av_one_full  avia-builder-el-3  el_before_av_one_full  avia-builder-el-first  first flex_column_div '   ><p>\n<style type=\"text\/css\" data-created_by=\"avia_inline_auto\" id=\"style-css-av-18ss8oy2-5eed54c9ff80263b56cf99b3e3f4c4cd\">\n#top .av-special-heading.av-18ss8oy2-5eed54c9ff80263b56cf99b3e3f4c4cd{\npadding-bottom:10px;\ncolor:#1e2d40;\n}\n.av-special-heading.av-18ss8oy2-5eed54c9ff80263b56cf99b3e3f4c4cd .special-heading-inner-border{\nborder-color:#1e2d40;\n}\n<\/style>\n<div  class='av-special-heading av-18ss8oy2-5eed54c9ff80263b56cf99b3e3f4c4cd av-special-heading-h2 custom-color-heading blockquote modern-quote modern-centered  avia-builder-el-4  el_before_av_textblock  avia-builder-el-first  '><h2 class='av-special-heading-tag '  itemprop=\"headline\"  ><b>\uff5c<\/b>Danh S\u00e1ch Khu C\u00f4ng Nghi\u1ec7p<b>\uff5c<\/b> <\/h2><div class='special-heading-border'><div class='special-heading-inner-border'><\/div><\/div><\/div><br \/>\n<section class=\"av_textblock_section \"  itemscope=\"itemscope\" itemtype=\"https:\/\/schema.org\/CreativeWork\" ><div class='avia_textblock  '   itemprop=\"text\" ><p style=\"text-align: center;\">(\u0110ang c\u1eadp nh\u1eadt)<\/p>\n<\/div><\/section><\/p><\/div>\n<style type=\"text\/css\" data-created_by=\"avia_inline_auto\" id=\"style-css-av-jltlsa-05994a4a826a83993faef0390b6b416e\">\n.flex_column.av-jltlsa-05994a4a826a83993faef0390b6b416e{\nborder-radius:0px 0px 0px 0px;\n-webkit-border-radius:0px 0px 0px 0px;\n-moz-border-radius:0px 0px 0px 0px;\npadding:30px 30px 30px 30px;\n}\n<\/style>\n<div class='flex_column av-jltlsa-05994a4a826a83993faef0390b6b416e av_one_full  avia-builder-el-6  el_after_av_one_full  avia-builder-el-last  first flex_column_div column-top-margin'   ><\/div><\/div><\/div><\/div><!-- close content main div --><\/div><\/div><div id='av-layout-grid-1'  class='av-layout-grid-container entry-content-wrapper main_color av-flex-cells     avia-builder-el-8  el_after_av_section  avia-builder-el-last  submenu-not-first container_wrap sidebar_right'  >\n<div class=\"flex_cell no_margin av_two_fifth  avia-builder-el-9  el_before_av_cell_three_fifth  avia-builder-el-first   \"  style='background: #1e2d40; vertical-align:middle; padding:30px 60px 30px 30px ; background-color:#1e2d40; ' ><div class='flex_cell_inner' ><p>\n<style type=\"text\/css\" data-created_by=\"avia_inline_auto\" id=\"style-css-av-av_hr-69c2ccc2ced0aa7a8db3aa96f4d36996\">\n#top .hr.hr-invisible.av-av_hr-69c2ccc2ced0aa7a8db3aa96f4d36996{\nheight:100px;\n}\n<\/style>\n<div  class='hr av-av_hr-69c2ccc2ced0aa7a8db3aa96f4d36996 hr-invisible  avia-builder-el-10  el_before_av_one_third  avia-builder-el-first   av-desktop-hide av-medium-hide'><span class='hr-inner '><span class=\"hr-inner-style\"><\/span><\/span><\/div><br \/>\n\n<style type=\"text\/css\" data-created_by=\"avia_inline_auto\" id=\"style-css-av-av_one_third-aa80003ca45fe31e4caf8d3bcc594fcd\">\n.flex_column.av-av_one_third-aa80003ca45fe31e4caf8d3bcc594fcd{\nborder-radius:0px 0px 0px 0px;\n-webkit-border-radius:0px 0px 0px 0px;\n-moz-border-radius:0px 0px 0px 0px;\nbackground-color:#1e2d40;\n}\n<\/style>\n<div class='flex_column av-av_one_third-aa80003ca45fe31e4caf8d3bcc594fcd av_one_third  avia-builder-el-11  el_after_av_hr  el_before_av_two_third  first flex_column_div av-zero-column-padding '   ><\/div>\n<style type=\"text\/css\" data-created_by=\"avia_inline_auto\" id=\"style-css-av-av_two_third-b3a97cd35eb0b10fb6062112eeb6d654\">\n.flex_column.av-av_two_third-b3a97cd35eb0b10fb6062112eeb6d654{\nborder-radius:0px 0px 0px 0px;\n-webkit-border-radius:0px 0px 0px 0px;\n-moz-border-radius:0px 0px 0px 0px;\nbackground-color:#1e2d40;\n}\n<\/style>\n<div class='flex_column av-av_two_third-b3a97cd35eb0b10fb6062112eeb6d654 av_two_third  avia-builder-el-12  el_after_av_one_third  el_before_av_hr  flex_column_div av-zero-column-padding '   ><p>\n<style type=\"text\/css\" data-created_by=\"avia_inline_auto\" id=\"style-css-av-av_heading-9bba97c68104ba9b1d898e03b6ef85eb\">\n#top .av-special-heading.av-av_heading-9bba97c68104ba9b1d898e03b6ef85eb{\npadding-bottom:10px;\ncolor:#ffffff;\n}\n.av-special-heading.av-av_heading-9bba97c68104ba9b1d898e03b6ef85eb .special-heading-inner-border{\nborder-color:#ffffff;\n}\n<\/style>\n<div  class='av-special-heading av-av_heading-9bba97c68104ba9b1d898e03b6ef85eb av-special-heading-h2 custom-color-heading blockquote modern-quote  avia-builder-el-13  el_before_av_textblock  avia-builder-el-first  '><h2 class='av-special-heading-tag '  itemprop=\"headline\"  ><b>\uff5c<\/b>Li\u00ean h\u1ec7 ch\u00fang t\u00f4i<b>\uff5c<\/b> <\/h2><div class='special-heading-border'><div class='special-heading-inner-border'><\/div><\/div><\/div><br \/>\n<section class=\"av_textblock_section \"  itemscope=\"itemscope\" itemtype=\"https:\/\/schema.org\/CreativeWork\" ><div class='avia_textblock  av_inherit_color '  style='color:#ffffff; '  itemprop=\"text\" ><p style=\"font-weight: 400;\"><strong><em>SIA r\u1ea5t vinh h\u1ea1nh c\u00f3 th\u1ec3 h\u1ed7 tr\u1ee3 qu\u00fd doanh nghi\u1ec7p t\u00ecm hi\u1ec3u th\u00eam v\u1ec1 d\u1ecbch v\u1ee5 n\u00e0y, xin \u0111\u1ec3 l\u1ea1i th\u00f4ng tin t\u1ea1i \u0111\u00e2y, ch\u00fang t\u00f4i s\u1ebd li\u00ean h\u1ec7 qu\u00fd doanh nghi\u1ec7p trong th\u1eddi gian s\u1edbm nh\u1ea5t. <\/em><\/strong><\/p>\n<\/div><\/section><br \/>\n\n<style type=\"text\/css\" data-created_by=\"avia_inline_auto\" id=\"style-css-av-av_hr-1cf00b9f4d53e34700ac19ec308e6946\">\n#top .hr.hr-invisible.av-av_hr-1cf00b9f4d53e34700ac19ec308e6946{\nheight:30px;\n}\n<\/style>\n<div  class='hr av-av_hr-1cf00b9f4d53e34700ac19ec308e6946 hr-invisible  avia-builder-el-15  el_after_av_textblock  el_before_av_buttonrow   av-desktop-hide av-medium-hide'><span class='hr-inner '><span class=\"hr-inner-style\"><\/span><\/span><\/div><br \/>\n<div  class='avia-buttonrow-wrap av-av_buttonrow-f06506bd62625c016b7f1c82f8f8b411 avia-buttonrow-left  avia-builder-el-16  el_after_av_hr  avia-builder-el-last  '>\n\n<style type=\"text\/css\" data-created_by=\"avia_inline_auto\" id=\"style-css-av-av_buttonrow_item-33b3491bc12d9f775124a9c42b4ac929\">\n#top #wrap_all .avia-button.av-av_buttonrow_item-33b3491bc12d9f775124a9c42b4ac929{\nbackground-color:#ffffff;\nborder-color:#ffffff;\ncolor:#1e2d40;\ntransition:all 0.4s ease-in-out;\n-webkit-transition:all 0.4s ease-in-out;\n-moz-transition:all 0.4s ease-in-out;\n-ms-transition:all 0.4s ease-in-out;\n-o-transition:all 0.4s ease-in-out;\nmargin-bottom:5px;\nmargin-right:5px;\n}\n<\/style>\n<a href='https:\/\/sia.net.tw\/vi\/lienhe\/'  class='avia-button av-av_buttonrow_item-33b3491bc12d9f775124a9c42b4ac929 avia-icon_select-yes-left-icon avia-size-medium'  ><span class='avia_button_icon avia_button_icon_left ' aria-hidden='true' data-av_icon='\ue805' data-av_iconfont='entypo-fontello'><\/span><span class='avia_iconbox_title' >Y\u00eau c\u1ea7u<\/span><\/a>\n<\/div><\/p><\/div>\n<style type=\"text\/css\" data-created_by=\"avia_inline_auto\" id=\"style-css-av-av_hr-69c2ccc2ced0aa7a8db3aa96f4d36996\">\n#top .hr.hr-invisible.av-av_hr-69c2ccc2ced0aa7a8db3aa96f4d36996{\nheight:100px;\n}\n<\/style>\n<div  class='hr av-av_hr-69c2ccc2ced0aa7a8db3aa96f4d36996 hr-invisible  avia-builder-el-17  el_after_av_two_third  avia-builder-el-last   av-desktop-hide av-medium-hide'><span class='hr-inner '><span class=\"hr-inner-style\"><\/span><\/span><\/div><\/p>\n<\/div><\/div><div class=\"flex_cell no_margin av_three_fifth  avia-builder-el-18  el_after_av_cell_two_fifth  avia-builder-el-last   \"  style='vertical-align:top; padding:30px 60px 30px 60px ; ' ><div class='flex_cell_inner' >\n<style type=\"text\/css\" data-created_by=\"avia_inline_auto\" id=\"style-css-av-av_one_full-9a3c85dd57cd859625204c21b3f5a3d5\">\n.flex_column.av-av_one_full-9a3c85dd57cd859625204c21b3f5a3d5{\nborder-radius:0px 0px 0px 0px;\n-webkit-border-radius:0px 0px 0px 0px;\n-moz-border-radius:0px 0px 0px 0px;\n}\n<\/style>\n<div class='flex_column av-av_one_full-9a3c85dd57cd859625204c21b3f5a3d5 av_one_full  avia-builder-el-19  avia-builder-el-no-sibling  first flex_column_div av-zero-column-padding '   ><form action=\"https:\/\/sia.net.tw\/vi\/dichvu\/ha-tang-cong-nghiep\/khu-cong-nghiep\/\" method=\"post\"  class=\"avia_ajax_form av-form-labels-visible   avia-builder-el-20  avia-builder-el-no-sibling  formbtn av-custom-form-color av-dark-form \" data-avia-form-id=\"1\" data-avia-redirect='' ><fieldset><p class='  first_form  form_element form_fullwidth' id='element_avia_1_1'><label for=\"avia_1_1\">H\u1ecd &amp; T\u00ean <abbr class=\"required\" title=\"required\">*<\/abbr><\/label> <input name=\"avia_1_1\" class=\"text_input is_empty\" type=\"text\" id=\"avia_1_1\" value=\"\" \/><\/p><p class='  first_form  form_element form_fullwidth' id='element_avia_2_1'><label for=\"avia_2_1\">E-mail <abbr class=\"required\" title=\"required\">*<\/abbr><\/label> <input name=\"avia_2_1\" class=\"text_input is_email\" type=\"text\" id=\"avia_2_1\" value=\"\" \/><\/p><p class='  first_form  form_element form_fullwidth av-last-visible-form-element' id='element_avia_3_1'><label for=\"avia_3_1\" class=\"textare_label hidden textare_label_avia_3_1\">L\u1eddi nh\u1eafn <abbr class=\"required\" title=\"required\">*<\/abbr><\/label><textarea  name=\"avia_3_1\" class=\"text_area is_empty\" cols=\"40\" rows=\"7\" id=\"avia_3_1\" ><\/textarea><\/p><p class=\"hidden\"><input type=\"text\" name=\"avia_4_1\" class=\"hidden \" id=\"avia_4_1\" value=\"\" \/><\/p><p class=\"form_element \"><input type=\"hidden\" value=\"1\" name=\"avia_generated_form1\" \/><input type=\"submit\" value=\"G\u1eedi\" class=\"button\"  data-sending-label=\"Sending\"\/><\/p><\/fieldset><\/form><div id=\"ajaxresponse_1\" class=\"ajaxresponse ajaxresponse_1 hidden\"><\/div><\/div>\n<\/div><\/div>\n<\/div><\/p>\n","protected":false},"excerpt":{"rendered":"","protected":false},"author":10,"featured_media":0,"parent":11437,"menu_order":0,"comment_status":"closed","ping_status":"closed","template":"","meta":[],"yoast_head":"<!-- This site is optimized with the Yoast SEO plugin v16.8 - https:\/\/yoast.com\/wordpress\/plugins\/seo\/ -->\n<title>Khu c\u00f4ng nghi\u1ec7p - \u6771\u5357\u4e9e\u5f71\u97ff\u529b\u806f\u76df<\/title>\n<meta name=\"robots\" content=\"index, follow, max-snippet:-1, max-image-preview:large, max-video-preview:-1\" \/>\n<link rel=\"canonical\" href=\"https:\/\/sia.net.tw\/vi\/dichvu\/ha-tang-cong-nghiep\/khu-cong-nghiep\/\" \/>\n<meta property=\"og:locale\" content=\"vi_VN\" \/>\n<meta property=\"og:type\" content=\"article\" \/>\n<meta property=\"og:title\" content=\"Khu c\u00f4ng nghi\u1ec7p - \u6771\u5357\u4e9e\u5f71\u97ff\u529b\u806f\u76df\" \/>\n<meta property=\"og:url\" content=\"https:\/\/sia.net.tw\/vi\/dichvu\/ha-tang-cong-nghiep\/khu-cong-nghiep\/\" \/>\n<meta property=\"og:site_name\" content=\"\u6771\u5357\u4e9e\u5f71\u97ff\u529b\u806f\u76df\" \/>\n<meta property=\"article:modified_time\" content=\"2023-10-01T05:15:45+00:00\" \/>\n<meta name=\"twitter:card\" content=\"summary\" \/>\n<meta name=\"twitter:label1\" content=\"Est. reading time\" \/>\n\t<meta name=\"twitter:data1\" content=\"4 minutes\" \/>\n<script type=\"application\/ld+json\" class=\"yoast-schema-graph\">{\"@context\":\"https:\/\/schema.org\",\"@graph\":[{\"@type\":\"WebSite\",\"@id\":\"https:\/\/sia.net.tw\/#website\",\"url\":\"https:\/\/sia.net.tw\/\",\"name\":\"\\u6771\\u5357\\u4e9e\\u5f71\\u97ff\\u529b\\u806f\\u76df\",\"description\":\"\",\"potentialAction\":[{\"@type\":\"SearchAction\",\"target\":{\"@type\":\"EntryPoint\",\"urlTemplate\":\"https:\/\/sia.net.tw\/?s={search_term_string}\"},\"query-input\":\"required name=search_term_string\"}],\"inLanguage\":\"vi-VN\"},{\"@type\":\"WebPage\",\"@id\":\"https:\/\/sia.net.tw\/vi\/dichvu\/ha-tang-cong-nghiep\/khu-cong-nghiep\/#webpage\",\"url\":\"https:\/\/sia.net.tw\/vi\/dichvu\/ha-tang-cong-nghiep\/khu-cong-nghiep\/\",\"name\":\"Khu c\\u00f4ng nghi\\u1ec7p - \\u6771\\u5357\\u4e9e\\u5f71\\u97ff\\u529b\\u806f\\u76df\",\"isPartOf\":{\"@id\":\"https:\/\/sia.net.tw\/#website\"},\"datePublished\":\"2023-07-25T09:39:44+00:00\",\"dateModified\":\"2023-10-01T05:15:45+00:00\",\"breadcrumb\":{\"@id\":\"https:\/\/sia.net.tw\/vi\/dichvu\/ha-tang-cong-nghiep\/khu-cong-nghiep\/#breadcrumb\"},\"inLanguage\":\"vi-VN\",\"potentialAction\":[{\"@type\":\"ReadAction\",\"target\":[\"https:\/\/sia.net.tw\/vi\/dichvu\/ha-tang-cong-nghiep\/khu-cong-nghiep\/\"]}]},{\"@type\":\"BreadcrumbList\",\"@id\":\"https:\/\/sia.net.tw\/vi\/dichvu\/ha-tang-cong-nghiep\/khu-cong-nghiep\/#breadcrumb\",\"itemListElement\":[{\"@type\":\"ListItem\",\"position\":1,\"name\":\"\\u9996\\u9801\",\"item\":\"https:\/\/sia.net.tw\/vi\/trangchu\/\"},{\"@type\":\"ListItem\",\"position\":2,\"name\":\"D\\u1ecbch v\\u1ee5\",\"item\":\"https:\/\/sia.net.tw\/vi\/dichvu\/\"},{\"@type\":\"ListItem\",\"position\":3,\"name\":\"H\\u1ea1 t\\u1ea7ng c\\u00f4ng nghi\\u1ec7p\",\"item\":\"https:\/\/sia.net.tw\/vi\/dichvu\/ha-tang-cong-nghiep\/\"},{\"@type\":\"ListItem\",\"position\":4,\"name\":\"Khu c\\u00f4ng nghi\\u1ec7p\"}]}]}<\/script>\n<!-- \/ Yoast SEO plugin. -->","yoast_head_json":{"title":"Khu c\u00f4ng nghi\u1ec7p - \u6771\u5357\u4e9e\u5f71\u97ff\u529b\u806f\u76df","robots":{"index":"index","follow":"follow","max-snippet":"max-snippet:-1","max-image-preview":"max-image-preview:large","max-video-preview":"max-video-preview:-1"},"canonical":"https:\/\/sia.net.tw\/vi\/dichvu\/ha-tang-cong-nghiep\/khu-cong-nghiep\/","og_locale":"vi_VN","og_type":"article","og_title":"Khu c\u00f4ng nghi\u1ec7p - \u6771\u5357\u4e9e\u5f71\u97ff\u529b\u806f\u76df","og_url":"https:\/\/sia.net.tw\/vi\/dichvu\/ha-tang-cong-nghiep\/khu-cong-nghiep\/","og_site_name":"\u6771\u5357\u4e9e\u5f71\u97ff\u529b\u806f\u76df","article_modified_time":"2023-10-01T05:15:45+00:00","twitter_card":"summary","twitter_misc":{"Est. reading time":"4 minutes"},"schema":{"@context":"https:\/\/schema.org","@graph":[{"@type":"WebSite","@id":"https:\/\/sia.net.tw\/#website","url":"https:\/\/sia.net.tw\/","name":"\u6771\u5357\u4e9e\u5f71\u97ff\u529b\u806f\u76df","description":"","potentialAction":[{"@type":"SearchAction","target":{"@type":"EntryPoint","urlTemplate":"https:\/\/sia.net.tw\/?s={search_term_string}"},"query-input":"required name=search_term_string"}],"inLanguage":"vi-VN"},{"@type":"WebPage","@id":"https:\/\/sia.net.tw\/vi\/dichvu\/ha-tang-cong-nghiep\/khu-cong-nghiep\/#webpage","url":"https:\/\/sia.net.tw\/vi\/dichvu\/ha-tang-cong-nghiep\/khu-cong-nghiep\/","name":"Khu c\u00f4ng nghi\u1ec7p - \u6771\u5357\u4e9e\u5f71\u97ff\u529b\u806f\u76df","isPartOf":{"@id":"https:\/\/sia.net.tw\/#website"},"datePublished":"2023-07-25T09:39:44+00:00","dateModified":"2023-10-01T05:15:45+00:00","breadcrumb":{"@id":"https:\/\/sia.net.tw\/vi\/dichvu\/ha-tang-cong-nghiep\/khu-cong-nghiep\/#breadcrumb"},"inLanguage":"vi-VN","potentialAction":[{"@type":"ReadAction","target":["https:\/\/sia.net.tw\/vi\/dichvu\/ha-tang-cong-nghiep\/khu-cong-nghiep\/"]}]},{"@type":"BreadcrumbList","@id":"https:\/\/sia.net.tw\/vi\/dichvu\/ha-tang-cong-nghiep\/khu-cong-nghiep\/#breadcrumb","itemListElement":[{"@type":"ListItem","position":1,"name":"\u9996\u9801","item":"https:\/\/sia.net.tw\/vi\/trangchu\/"},{"@type":"ListItem","position":2,"name":"D\u1ecbch v\u1ee5","item":"https:\/\/sia.net.tw\/vi\/dichvu\/"},{"@type":"ListItem","position":3,"name":"H\u1ea1 t\u1ea7ng c\u00f4ng nghi\u1ec7p","item":"https:\/\/sia.net.tw\/vi\/dichvu\/ha-tang-cong-nghiep\/"},{"@type":"ListItem","position":4,"name":"Khu c\u00f4ng nghi\u1ec7p"}]}]}},"_links":{"self":[{"href":"https:\/\/sia.net.tw\/vi\/wp-json\/wp\/v2\/pages\/11438"}],"collection":[{"href":"https:\/\/sia.net.tw\/vi\/wp-json\/wp\/v2\/pages"}],"about":[{"href":"https:\/\/sia.net.tw\/vi\/wp-json\/wp\/v2\/types\/page"}],"author":[{"embeddable":true,"href":"https:\/\/sia.net.tw\/vi\/wp-json\/wp\/v2\/users\/10"}],"replies":[{"embeddable":true,"href":"https:\/\/sia.net.tw\/vi\/wp-json\/wp\/v2\/comments?post=11438"}],"version-history":[{"count":9,"href":"https:\/\/sia.net.tw\/vi\/wp-json\/wp\/v2\/pages\/11438\/revisions"}],"predecessor-version":[{"id":14196,"href":"https:\/\/sia.net.tw\/vi\/wp-json\/wp\/v2\/pages\/11438\/revisions\/14196"}],"up":[{"embeddable":true,"href":"https:\/\/sia.net.tw\/vi\/wp-json\/wp\/v2\/pages\/11437"}],"wp:attachment":[{"href":"https:\/\/sia.net.tw\/vi\/wp-json\/wp\/v2\/media?parent=11438"}],"curies":[{"name":"wp","href":"https:\/\/api.w.org\/{rel}","templated":true}]}}