{"id":4250,"date":"2013-04-05T13:33:38","date_gmt":"2013-04-05T05:33:38","guid":{"rendered":"http:\/\/sia.pro3.designworks.tw\/?page_id=4250"},"modified":"2023-09-18T11:12:16","modified_gmt":"2023-09-18T03:12:16","slug":"lienhe","status":"publish","type":"page","link":"https:\/\/sia.net.tw\/vi\/lienhe\/","title":{"rendered":"Li\u00ean h\u1ec7"},"content":{"rendered":"<div id='full_slider_1'  class='avia-fullwidth-slider main_color avia-shadow  av-mini-hide  avia-builder-el-0  el_before_av_fullscreen  avia-builder-el-first   container_wrap sidebar_right'  ><div   data-size='featured'  data-lightbox_size='large'  data-animation='slide'  data-conditional_play=''  data-ids='9970'  data-video_counter='0'  data-autoplay='false'  data-bg_slider='false'  data-slide_height=''  data-handle='av_slideshow_full'  data-interval='5'  data-class=' '  data-el_id=''  data-css_id=''  data-scroll_down=''  data-control_layout='av-control-default'  data-custom_markup=''  data-perma_caption='aviaTBperma_caption'  data-autoplay_stopper=''  data-image_attachment=''  data-min_height='0px'  data-lazy_loading='disabled'  data-src=''  data-position='top left'  data-repeat='no-repeat'  data-attach='scroll'  data-stretch=''  data-default-height='28.666666666667'  class='avia-slideshow avia-slideshow-1  av-control-default av-default-height-applied avia-slideshow-featured av_slideshow_full   avia-slide-slider '  itemprop=\"image\" itemscope=\"itemscope\" itemtype=\"https:\/\/schema.org\/ImageObject\" ><ul class='avia-slideshow-inner ' style='padding-bottom: 28.666666666667%;' ><li  class=' av-single-slide slide-1 ' ><div data-rel='slideshow-1' class='avia-slide-wrap '   ><img class=\"wp-image-9972 avia-img-lazy-loading-not-9972\"  src=\"https:\/\/sia.net.tw\/wp-content\/uploads\/2023\/07\/banner-contact-1500x430.jpg\" width=\"1500\" height=\"430\" title='banner-contact' alt=''  itemprop=\"thumbnailUrl\"   \/><\/div><\/li><\/ul><div class = \"caption_fullwidth av-slideshow-caption caption_bottom\"><div class = \"container caption_container\"><div class = \"slideshow_caption\"><div class = \"slideshow_inner_caption\"><div class = \"slideshow_align_caption\"><h2  style='font-size:40px; ' class='avia-caption-title  '  itemprop=\"name\" >Li\u00ean h\u1ec7 SIA<\/h2><div class='avia-caption-content  '  itemprop=\"description\"  ><p><b>|<\/b> Li\u00ean minh \u1ea2nh h\u01b0\u1edfng \u0110\u00f4ng Nam \u00c1<\/p>\n<\/div><\/div><\/div><\/div><\/div><\/div><\/div><\/div>\n<div id='fullscreen_slider_1'  class='avia-fullscreen-slider main_color  av-desktop-hide av-medium-hide av-small-hide  avia-builder-el-1  el_after_av_slideshow_full  el_before_av_section   slider-not-first container_wrap sidebar_right'  ><a href='#next-section' title='' class='scroll-down-link av-control-default' aria-hidden='true' data-av_icon='\ue877' data-av_iconfont='entypo-fontello'><\/a><div   data-size='no scaling'  data-lightbox_size='large'  data-animation='slide'  data-conditional_play=''  data-ids='9970'  data-video_counter='0'  data-autoplay='false'  data-bg_slider='true'  data-slide_height='100'  data-handle='av_fullscreen'  data-interval='5'  data-class=' '  data-el_id=''  data-css_id='fullscreen_slider_1'  data-scroll_down='aviaTBscroll_down'  data-control_layout='av-control-default'  data-custom_markup=''  data-perma_caption='aviaTBperma_caption'  data-autoplay_stopper=''  data-image_attachment=''  data-min_height='0px'  data-lazy_loading='disabled'  data-stretch=''  class='avia-slideshow avia-slideshow-2 av-slider-scroll-down-active av-control-default av-default-height-applied avia-slideshow-no scaling av_fullscreen   avia-slide-slider '  itemprop=\"image\" itemscope=\"itemscope\" itemtype=\"https:\/\/schema.org\/ImageObject\" ><ul class='avia-slideshow-inner ' style='padding-bottom: 66.71875%;' ><li style='background-position:center center;' data-img-url='https:\/\/sia.net.tw\/wp-content\/uploads\/2023\/07\/banner-contact.jpg' class=' av-single-slide slide-1 ' ><div data-rel='slideshow-2' class='avia-slide-wrap '   ><\/div><\/li><\/ul><div class = \"caption_fullwidth av-slideshow-caption caption_center\"><div class = \"container caption_container\"><div class = \"slideshow_caption\"><div class = \"slideshow_inner_caption\"><div class = \"slideshow_align_caption\"><h2  class='avia-caption-title   av-mini-font-size-overwrite av-mini-font-size-30'  itemprop=\"name\" >Li\u00ean h\u1ec7 SIA<\/h2><div class='avia-caption-content  av-mini-font-size-overwrite av-mini-font-size-20 '  itemprop=\"description\"  ><p><b>|<\/b> Li\u00ean minh \u1ea2nh h\u01b0\u1edfng \u0110\u00f4ng Nam \u00c1<\/p>\n<\/div><\/div><\/div><\/div><\/div><\/div><\/div><\/div>\n<div id='about01'  class='avia-section av-av_section-ce3394c25cf146dcd34ff9f9f2e818da main_color avia-section-default avia-no-shadow  avia-builder-el-2  el_after_av_fullscreen  el_before_av_layout_row  avia-bg-style-scroll  container_wrap sidebar_right'  ><div class='container av-section-cont-open' ><div class='template-page content  av-content-small alpha units'><div class='post-entry post-entry-type-page post-entry-4250'><div class='entry-content-wrapper clearfix'>\n<div class='flex_column av-av_one_half-d846867a37b468541bc8830743d44203 av_one_half  avia-builder-el-3  el_before_av_one_half  avia-builder-el-first  first flex_column_div '   ><p>\n<style type=\"text\/css\" data-created_by=\"avia_inline_auto\" id=\"style-css-av-ll1qrb1r-6071154f3f7c26f8f5a2a5d32215a016\">\n#top .av-special-heading.av-ll1qrb1r-6071154f3f7c26f8f5a2a5d32215a016{\npadding-bottom:10px;\ncolor:#1e2d40;\n}\n.av-special-heading.av-ll1qrb1r-6071154f3f7c26f8f5a2a5d32215a016 .special-heading-inner-border{\nborder-color:#1e2d40;\n}\n<\/style>\n<div  class='av-special-heading av-ll1qrb1r-6071154f3f7c26f8f5a2a5d32215a016 av-special-heading-h2 custom-color-heading blockquote modern-quote  avia-builder-el-4  el_before_av_textblock  avia-builder-el-first  '><h2 class='av-special-heading-tag '  itemprop=\"headline\"  ><b>\uff5c<\/b> Li\u00ean minh \u1ea2nh h\u01b0\u1edfng \u0110\u00f4ng Nam \u00c1 <b>\uff5c<\/b> <\/h2><div class='special-heading-border'><div class='special-heading-inner-border'><\/div><\/div><\/div><br \/>\n<section class=\"av_textblock_section \"  itemscope=\"itemscope\" itemtype=\"https:\/\/schema.org\/CreativeWork\" ><div class='avia_textblock  '   itemprop=\"text\" ><p style=\"font-weight: 400;\"><strong><em>SIA r\u1ea5t vinh h\u1ea1nh c\u00f3 th\u1ec3 h\u1ed7 tr\u1ee3 qu\u00fd c\u00f4ng ty t\u00ecm hi\u1ec3u th\u00eam v\u1ec1 d\u1ecbch v\u1ee5 c\u1ee7a ch\u00fang t\u00f4i. Xin \u0111\u1ec3 l\u1ea1i th\u00f4ng tin t\u1ea1i \u0111\u00e2y, ch\u00fang t\u00f4i s\u1ebd li\u00ean h\u1ec7 qu\u00fd c\u00f4ng ty trong th\u1eddi gian s\u1edbm nh\u1ea5t. <\/em><\/strong><\/p>\n<\/div><\/section><br \/>\n\n<style type=\"text\/css\" data-created_by=\"avia_inline_auto\" id=\"style-css-av-av_hr-35d53d7be2491954ac97ecc375137ffb\">\n#top .hr.hr-invisible.av-av_hr-35d53d7be2491954ac97ecc375137ffb{\nheight:15px;\n}\n<\/style>\n<div  class='hr av-av_hr-35d53d7be2491954ac97ecc375137ffb hr-invisible  avia-builder-el-6  el_after_av_textblock  el_before_av_iconlist  '><span class='hr-inner '><span class=\"hr-inner-style\"><\/span><\/span><\/div><br \/>\n\n<style type=\"text\/css\" data-created_by=\"avia_inline_auto\" id=\"style-css-av-ll231mdf-010edc7e5860317a2b1a57424d14d39c\">\n#top .avia-icon-list-container.av-ll231mdf-010edc7e5860317a2b1a57424d14d39c .iconlist_icon{\ncolor:#ffffff;\nbackground-color:#ccac72;\nborder:1px solid #ccac72;\n}\n<\/style>\n<div  class='avia-icon-list-container av-ll231mdf-010edc7e5860317a2b1a57424d14d39c  avia-builder-el-7  el_after_av_hr  avia-builder-el-last  '><ul class='avia-icon-list avia_animate_when_almost_visible avia-icon-list-left av-iconlist-big av-ll231mdf-010edc7e5860317a2b1a57424d14d39c avia-iconlist-animate'>\n<li><div class='iconlist_icon av-ll231luy-8e3bbd33d7375e2c9061f5cef5c2f73e avia-font-entypo-fontello'><span class='iconlist-char ' aria-hidden='true' data-av_icon='\ue854' data-av_iconfont='entypo-fontello'><\/span><\/div><article class=\"article-icon-entry \"  itemscope=\"itemscope\" itemtype=\"https:\/\/schema.org\/CreativeWork\" ><div class='iconlist_content_wrap'><header class=\"entry-content-header\"><h4 class='av_iconlist_title iconlist_title   '  itemprop=\"headline\" >S\u1ed1 \u0111i\u1ec7n tho\u1ea1i<\/h4><\/header><div class='iconlist_content  '  itemprop=\"text\" ><p><a href=\"tel:27522855\">(02) 27522855<\/a> #2017<\/p>\n<\/div><\/div><footer class=\"entry-footer\"><\/footer><\/article><div class='iconlist-timeline'><\/div><\/li>\n<li><div class='iconlist_icon av-ll2330jt-ea8cb268955558cf7bd82025f572d009 avia-font-entypo-fontello'><span class='iconlist-char ' aria-hidden='true' data-av_icon='\ue842' data-av_iconfont='entypo-fontello'><\/span><\/div><article class=\"article-icon-entry \"  itemscope=\"itemscope\" itemtype=\"https:\/\/schema.org\/CreativeWork\" ><div class='iconlist_content_wrap'><header class=\"entry-content-header\"><h4 class='av_iconlist_title iconlist_title   '  itemprop=\"headline\" >\u0110\u1ecba ch\u1ec9<\/h4><\/header><div class='iconlist_content  '  itemprop=\"text\" ><p><a href=\"https:\/\/goo.gl\/maps\/7th9ZtQVrZ83hRA68\">Ph\u00f2ng 2, l\u1ea7u 6, s\u1ed1 285, \u0111o\u1ea1n 4, \u0111\u01b0\u1eddng Zhongxiao East, Qu\u1eadn Da&#8217;an, \u0110\u00e0i B\u1eafc.<\/a><\/p>\n<p>Ti\u1ebfng Anh: Room2 &#8211; 6f, No. 285, Section 4, Zhongxiao E Rd, Da\u2019an District, Taipei City.<\/p>\n<\/div><\/div><footer class=\"entry-footer\"><\/footer><\/article><div class='iconlist-timeline'><\/div><\/li>\n<li><div class='iconlist_icon av-ll2335fc-b3edfe9748867e78a942ac90d61ba8ff avia-font-entypo-fontello'><span class='iconlist-char ' aria-hidden='true' data-av_icon='\ue805' data-av_iconfont='entypo-fontello'><\/span><\/div><article class=\"article-icon-entry \"  itemscope=\"itemscope\" itemtype=\"https:\/\/schema.org\/CreativeWork\" ><div class='iconlist_content_wrap'><header class=\"entry-content-header\"><h4 class='av_iconlist_title iconlist_title   '  itemprop=\"headline\" >E-mail<\/h4><\/header><div class='iconlist_content  '  itemprop=\"text\" ><p><a href=\"mailto:sia.fccpartners@gmail.com\" target=\"_blank\" rel=\"noopener\">sia.fccpartners@gmail.com<\/a><\/p>\n<\/div><\/div><footer class=\"entry-footer\"><\/footer><\/article><div class='iconlist-timeline'><\/div><\/li>\n<li><div class='iconlist_icon av-ll233ns2-be03743d341714fdc861f3f8b38da3a2 avia-font-entypo-fontello'><span class='iconlist-char ' aria-hidden='true' data-av_icon='\ue8f3' data-av_iconfont='entypo-fontello'><\/span><\/div><article class=\"article-icon-entry \"  itemscope=\"itemscope\" itemtype=\"https:\/\/schema.org\/CreativeWork\" ><div class='iconlist_content_wrap'><header class=\"entry-content-header\"><h4 class='av_iconlist_title iconlist_title   '  itemprop=\"headline\" >Facebook<\/h4><\/header><div class='iconlist_content  '  itemprop=\"text\" ><p><a href=\"https:\/\/www.facebook.com\/siafcc\">Li\u00ean minh \u1ea2nh h\u01b0\u1edfng \u0110\u00f4ng Nam \u00c1<\/a><\/p>\n<\/div><\/div><footer class=\"entry-footer\"><\/footer><\/article><div class='iconlist-timeline'><\/div><\/li>\n<li><div class='iconlist_icon av-ll233rlh-81710eafb77b34352e633209c9c8aedd avia-font-entypo-fontello'><span class='iconlist-char ' aria-hidden='true' data-av_icon='\ue8fd' data-av_iconfont='entypo-fontello'><\/span><\/div><article class=\"article-icon-entry \"  itemscope=\"itemscope\" itemtype=\"https:\/\/schema.org\/CreativeWork\" ><div class='iconlist_content_wrap'><header class=\"entry-content-header\"><h4 class='av_iconlist_title iconlist_title   '  itemprop=\"headline\" >Linkedin<\/h4><\/header><div class='iconlist_content  '  itemprop=\"text\" ><p><a href=\"https:\/\/www.linkedin.com\/company\/southeast-asia-impact-alliance\/\">Li\u00ean minh \u1ea2nh h\u01b0\u1edfng \u0110\u00f4ng Nam \u00c1 &#8211; \u6771\u5357\u4e9e\u5f71\u97ff\u529b\u806f\u76df<\/a><\/p>\n<\/div><\/div><footer class=\"entry-footer\"><\/footer><\/article><div class='iconlist-timeline'><\/div><\/li>\n<\/ul><\/div><\/p><\/div><div class='flex_column av-av_one_half-337486787960716147ecfb4074cb91c6 av_one_half  avia-builder-el-8  el_after_av_one_half  avia-builder-el-last  flex_column_div '   ><p><form action=\"https:\/\/sia.net.tw\/vi\/lienhe\/\" method=\"post\"  class=\"avia_ajax_form av-form-labels-visible   avia-builder-el-9  el_before_av_codeblock  avia-builder-el-first   \" data-avia-form-id=\"1\" data-avia-redirect='' ><fieldset><p class='  first_form  form_element form_element_half' id='element_avia_1_1'><label for=\"avia_1_1\">H\u1ecd &amp; T\u00ean <abbr class=\"required\" title=\"required\">*<\/abbr><\/label> <input name=\"avia_1_1\" class=\"text_input is_empty\" type=\"text\" id=\"avia_1_1\" value=\"\" \/><\/p><p class='  form_element form_element_half' id='element_avia_2_1'><label for=\"avia_2_1\">\u0110\u01a1n v\u1ecb<\/label> <input name=\"avia_2_1\" class=\"text_input \" type=\"text\" id=\"avia_2_1\" value=\"\" \/><\/p><p class='  first_form  form_element form_element_half' id='element_avia_3_1'><label for=\"avia_3_1\">E-mail: <abbr class=\"required\" title=\"required\">*<\/abbr><\/label> <input name=\"avia_3_1\" class=\"text_input is_email\" type=\"text\" id=\"avia_3_1\" value=\"\" \/><\/p><p class='  form_element form_element_half' id='element_avia_4_1'><label for=\"avia_4_1\">S\u1ed1 \u0111i\u1ec7n tho\u1ea1i <abbr class=\"required\" title=\"required\">*<\/abbr><\/label> <input name=\"avia_4_1\" class=\"text_input is_phone\" type=\"text\" id=\"avia_4_1\" value=\"\" \/><\/p><p class='  first_form  form_element form_fullwidth' id='element_avia_5_1'><label for=\"avia_5_1\">Ti\u00eau \u0111\u1ec1<\/label> <input name=\"avia_5_1\" class=\"text_input \" type=\"text\" id=\"avia_5_1\" value=\"\" \/><\/p><p class='  first_form  form_element form_fullwidth av-last-visible-form-element' id='element_avia_6_1'><label for=\"avia_6_1\" class=\"textare_label hidden textare_label_avia_6_1\">N\u1ed9i dung<\/label><textarea  name=\"avia_6_1\" class=\"text_area \" cols=\"40\" rows=\"7\" id=\"avia_6_1\" ><\/textarea><\/p><p class=\"hidden\"><input type=\"text\" name=\"avia_7_1\" class=\"hidden \" id=\"avia_7_1\" value=\"\" \/><\/p><p class=\"form_element \"><input type=\"hidden\" value=\"1\" name=\"avia_generated_form1\" \/><input type=\"submit\" value=\"G\u1eedi\" class=\"button\"  data-sending-label=\"Sending\"\/><\/p><\/fieldset><\/form><div id=\"ajaxresponse_1\" class=\"ajaxresponse ajaxresponse_1 hidden\"><\/div><br \/>\n<\/p><\/div><\/div><\/div><\/div><!-- close content main div --><\/div><\/div><div id='av-layout-grid-1'  class='av-layout-grid-container entry-content-wrapper main_color av-flex-cells     avia-builder-el-11  el_after_av_section  avia-builder-el-last  submenu-not-first container_wrap sidebar_right'  >\n<div class=\"flex_cell no_margin av_one_full  avia-builder-el-12  avia-builder-el-no-sibling   av-zero-padding \"  style='background: #1e2d40; vertical-align:top; padding:0px; background-color:#1e2d40; ' ><div class='flex_cell_inner' ><div class='flex_column av-av_one_full-d846867a37b468541bc8830743d44203 av_one_full  avia-builder-el-13  avia-builder-el-no-sibling  first flex_column_div '   ><\/div>\n<\/div><\/div>\n<\/div><\/p>\n","protected":false},"excerpt":{"rendered":"","protected":false},"author":10,"featured_media":0,"parent":0,"menu_order":6,"comment_status":"open","ping_status":"closed","template":"","meta":[],"yoast_head":"<!-- This site is optimized with the Yoast SEO plugin v16.8 - https:\/\/yoast.com\/wordpress\/plugins\/seo\/ -->\n<title>Li\u00ean h\u1ec7 - \u6771\u5357\u4e9e\u5f71\u97ff\u529b\u806f\u76df<\/title>\n<meta name=\"robots\" content=\"index, follow, max-snippet:-1, max-image-preview:large, max-video-preview:-1\" \/>\n<link rel=\"canonical\" href=\"https:\/\/sia.net.tw\/vi\/lienhe\/\" \/>\n<meta property=\"og:locale\" content=\"vi_VN\" \/>\n<meta property=\"og:type\" content=\"article\" \/>\n<meta property=\"og:title\" content=\"Li\u00ean h\u1ec7 - \u6771\u5357\u4e9e\u5f71\u97ff\u529b\u806f\u76df\" \/>\n<meta property=\"og:url\" content=\"https:\/\/sia.net.tw\/vi\/lienhe\/\" \/>\n<meta property=\"og:site_name\" content=\"\u6771\u5357\u4e9e\u5f71\u97ff\u529b\u806f\u76df\" \/>\n<meta property=\"article:modified_time\" content=\"2023-09-18T03:12:16+00:00\" \/>\n<meta name=\"twitter:card\" content=\"summary\" \/>\n<meta name=\"twitter:label1\" content=\"Est. reading time\" \/>\n\t<meta name=\"twitter:data1\" content=\"4 minutes\" \/>\n<script type=\"application\/ld+json\" class=\"yoast-schema-graph\">{\"@context\":\"https:\/\/schema.org\",\"@graph\":[{\"@type\":\"WebSite\",\"@id\":\"https:\/\/sia.net.tw\/#website\",\"url\":\"https:\/\/sia.net.tw\/\",\"name\":\"\\u6771\\u5357\\u4e9e\\u5f71\\u97ff\\u529b\\u806f\\u76df\",\"description\":\"\",\"potentialAction\":[{\"@type\":\"SearchAction\",\"target\":{\"@type\":\"EntryPoint\",\"urlTemplate\":\"https:\/\/sia.net.tw\/?s={search_term_string}\"},\"query-input\":\"required name=search_term_string\"}],\"inLanguage\":\"vi-VN\"},{\"@type\":\"WebPage\",\"@id\":\"https:\/\/sia.net.tw\/vi\/lienhe\/#webpage\",\"url\":\"https:\/\/sia.net.tw\/vi\/lienhe\/\",\"name\":\"Li\\u00ean h\\u1ec7 - \\u6771\\u5357\\u4e9e\\u5f71\\u97ff\\u529b\\u806f\\u76df\",\"isPartOf\":{\"@id\":\"https:\/\/sia.net.tw\/#website\"},\"datePublished\":\"2013-04-05T05:33:38+00:00\",\"dateModified\":\"2023-09-18T03:12:16+00:00\",\"breadcrumb\":{\"@id\":\"https:\/\/sia.net.tw\/vi\/lienhe\/#breadcrumb\"},\"inLanguage\":\"vi-VN\",\"potentialAction\":[{\"@type\":\"ReadAction\",\"target\":[\"https:\/\/sia.net.tw\/vi\/lienhe\/\"]}]},{\"@type\":\"BreadcrumbList\",\"@id\":\"https:\/\/sia.net.tw\/vi\/lienhe\/#breadcrumb\",\"itemListElement\":[{\"@type\":\"ListItem\",\"position\":1,\"name\":\"\\u9996\\u9801\",\"item\":\"https:\/\/sia.net.tw\/vi\/trangchu\/\"},{\"@type\":\"ListItem\",\"position\":2,\"name\":\"Li\\u00ean h\\u1ec7\"}]}]}<\/script>\n<!-- \/ Yoast SEO plugin. -->","yoast_head_json":{"title":"Li\u00ean h\u1ec7 - \u6771\u5357\u4e9e\u5f71\u97ff\u529b\u806f\u76df","robots":{"index":"index","follow":"follow","max-snippet":"max-snippet:-1","max-image-preview":"max-image-preview:large","max-video-preview":"max-video-preview:-1"},"canonical":"https:\/\/sia.net.tw\/vi\/lienhe\/","og_locale":"vi_VN","og_type":"article","og_title":"Li\u00ean h\u1ec7 - \u6771\u5357\u4e9e\u5f71\u97ff\u529b\u806f\u76df","og_url":"https:\/\/sia.net.tw\/vi\/lienhe\/","og_site_name":"\u6771\u5357\u4e9e\u5f71\u97ff\u529b\u806f\u76df","article_modified_time":"2023-09-18T03:12:16+00:00","twitter_card":"summary","twitter_misc":{"Est. reading time":"4 minutes"},"schema":{"@context":"https:\/\/schema.org","@graph":[{"@type":"WebSite","@id":"https:\/\/sia.net.tw\/#website","url":"https:\/\/sia.net.tw\/","name":"\u6771\u5357\u4e9e\u5f71\u97ff\u529b\u806f\u76df","description":"","potentialAction":[{"@type":"SearchAction","target":{"@type":"EntryPoint","urlTemplate":"https:\/\/sia.net.tw\/?s={search_term_string}"},"query-input":"required name=search_term_string"}],"inLanguage":"vi-VN"},{"@type":"WebPage","@id":"https:\/\/sia.net.tw\/vi\/lienhe\/#webpage","url":"https:\/\/sia.net.tw\/vi\/lienhe\/","name":"Li\u00ean h\u1ec7 - \u6771\u5357\u4e9e\u5f71\u97ff\u529b\u806f\u76df","isPartOf":{"@id":"https:\/\/sia.net.tw\/#website"},"datePublished":"2013-04-05T05:33:38+00:00","dateModified":"2023-09-18T03:12:16+00:00","breadcrumb":{"@id":"https:\/\/sia.net.tw\/vi\/lienhe\/#breadcrumb"},"inLanguage":"vi-VN","potentialAction":[{"@type":"ReadAction","target":["https:\/\/sia.net.tw\/vi\/lienhe\/"]}]},{"@type":"BreadcrumbList","@id":"https:\/\/sia.net.tw\/vi\/lienhe\/#breadcrumb","itemListElement":[{"@type":"ListItem","position":1,"name":"\u9996\u9801","item":"https:\/\/sia.net.tw\/vi\/trangchu\/"},{"@type":"ListItem","position":2,"name":"Li\u00ean h\u1ec7"}]}]}},"_links":{"self":[{"href":"https:\/\/sia.net.tw\/vi\/wp-json\/wp\/v2\/pages\/4250"}],"collection":[{"href":"https:\/\/sia.net.tw\/vi\/wp-json\/wp\/v2\/pages"}],"about":[{"href":"https:\/\/sia.net.tw\/vi\/wp-json\/wp\/v2\/types\/page"}],"author":[{"embeddable":true,"href":"https:\/\/sia.net.tw\/vi\/wp-json\/wp\/v2\/users\/10"}],"replies":[{"embeddable":true,"href":"https:\/\/sia.net.tw\/vi\/wp-json\/wp\/v2\/comments?post=4250"}],"version-history":[{"count":12,"href":"https:\/\/sia.net.tw\/vi\/wp-json\/wp\/v2\/pages\/4250\/revisions"}],"predecessor-version":[{"id":11637,"href":"https:\/\/sia.net.tw\/vi\/wp-json\/wp\/v2\/pages\/4250\/revisions\/11637"}],"wp:attachment":[{"href":"https:\/\/sia.net.tw\/vi\/wp-json\/wp\/v2\/media?parent=4250"}],"curies":[{"name":"wp","href":"https:\/\/api.w.org\/{rel}","templated":true}]}}